{"id":255,"date":"2023-10-11T04:24:45","date_gmt":"2023-10-11T04:24:45","guid":{"rendered":"https:\/\/jtobarfbienesraices.com\/?page_id=255"},"modified":"2024-01-02T22:02:23","modified_gmt":"2024-01-02T22:02:23","slug":"dep-en-venta-en-la-cresta","status":"publish","type":"page","link":"https:\/\/jtobarfbienesraices.com\/index.php\/dep-en-venta-en-la-cresta\/","title":{"rendered":"Dep. en venta en La Cresta"},"content":{"rendered":"\t\t<div data-elementor-type=\"wp-page\" data-elementor-id=\"255\" class=\"elementor elementor-255\">\n\t\t\t\t\t\t\t\t\t<section class=\"elementor-section elementor-top-section elementor-element elementor-element-b41c614 elementor-section-boxed elementor-section-height-default elementor-section-height-default\" data-id=\"b41c614\" data-element_type=\"section\">\n\t\t\t\t\t\t<div class=\"elementor-container elementor-column-gap-default\">\n\t\t\t\t\t<div class=\"elementor-column elementor-col-100 elementor-top-column elementor-element elementor-element-8ceabdd\" data-id=\"8ceabdd\" data-element_type=\"column\">\n\t\t\t<div class=\"elementor-widget-wrap elementor-element-populated\">\n\t\t\t\t\t\t\t\t<div class=\"elementor-element elementor-element-3046761 elementor-widget elementor-widget-image\" data-id=\"3046761\" data-element_type=\"widget\" data-widget_type=\"image.default\">\n\t\t\t\t<div class=\"elementor-widget-container\">\n\t\t\t<style>\/*! elementor - v3.15.0 - 20-08-2023 *\/\n.elementor-widget-image{text-align:center}.elementor-widget-image a{display:inline-block}.elementor-widget-image a img[src$=\".svg\"]{width:48px}.elementor-widget-image img{vertical-align:middle;display:inline-block}<\/style>\t\t\t\t\t\t\t\t\t\t\t\t<img decoding=\"async\" loading=\"lazy\" width=\"1024\" height=\"768\" src=\"https:\/\/jtobarfbienesraices.com\/wp-content\/uploads\/2023\/10\/la-cresta-3-1024x768.jpeg\" class=\"attachment-large size-large wp-image-259\" alt=\"\" srcset=\"https:\/\/jtobarfbienesraices.com\/wp-content\/uploads\/2023\/10\/la-cresta-3-1024x768.jpeg 1024w, https:\/\/jtobarfbienesraices.com\/wp-content\/uploads\/2023\/10\/la-cresta-3-300x225.jpeg 300w, https:\/\/jtobarfbienesraices.com\/wp-content\/uploads\/2023\/10\/la-cresta-3-768x576.jpeg 768w, https:\/\/jtobarfbienesraices.com\/wp-content\/uploads\/2023\/10\/la-cresta-3-1536x1152.jpeg 1536w, https:\/\/jtobarfbienesraices.com\/wp-content\/uploads\/2023\/10\/la-cresta-3-2048x1536.jpeg 2048w\" sizes=\"(max-width: 1024px) 100vw, 1024px\" \/>\t\t\t\t\t\t\t\t\t\t\t\t\t\t\t<\/div>\n\t\t\t\t<\/div>\n\t\t\t\t\t<\/div>\n\t\t<\/div>\n\t\t\t\t\t\t\t<\/div>\n\t\t<\/section>\n\t\t\t\t<section class=\"elementor-section elementor-top-section elementor-element elementor-element-2aa84ee elementor-section-boxed elementor-section-height-default elementor-section-height-default\" data-id=\"2aa84ee\" data-element_type=\"section\">\n\t\t\t\t\t\t<div class=\"elementor-container elementor-column-gap-default\">\n\t\t\t\t\t<div class=\"elementor-column elementor-col-100 elementor-top-column elementor-element elementor-element-884501d\" data-id=\"884501d\" data-element_type=\"column\">\n\t\t\t<div class=\"elementor-widget-wrap elementor-element-populated\">\n\t\t\t\t\t\t\t\t<div class=\"elementor-element elementor-element-c76456c elementor-widget elementor-widget-image\" data-id=\"c76456c\" data-element_type=\"widget\" data-widget_type=\"image.default\">\n\t\t\t\t<div class=\"elementor-widget-container\">\n\t\t\t\t\t\t\t\t\t\t\t\t\t\t\t<img decoding=\"async\" loading=\"lazy\" width=\"1024\" height=\"768\" src=\"https:\/\/jtobarfbienesraices.com\/wp-content\/uploads\/2023\/10\/la-cresta-10.jpg\" class=\"attachment-large size-large wp-image-266\" alt=\"\" srcset=\"https:\/\/jtobarfbienesraices.com\/wp-content\/uploads\/2023\/10\/la-cresta-10.jpg 1024w, https:\/\/jtobarfbienesraices.com\/wp-content\/uploads\/2023\/10\/la-cresta-10-300x225.jpg 300w, https:\/\/jtobarfbienesraices.com\/wp-content\/uploads\/2023\/10\/la-cresta-10-768x576.jpg 768w\" sizes=\"(max-width: 1024px) 100vw, 1024px\" \/>\t\t\t\t\t\t\t\t\t\t\t\t\t\t\t<\/div>\n\t\t\t\t<\/div>\n\t\t\t\t\t<\/div>\n\t\t<\/div>\n\t\t\t\t\t\t\t<\/div>\n\t\t<\/section>\n\t\t\t\t<section class=\"elementor-section elementor-top-section elementor-element elementor-element-f1fd0e9 elementor-section-boxed elementor-section-height-default elementor-section-height-default\" data-id=\"f1fd0e9\" data-element_type=\"section\">\n\t\t\t\t\t\t<div class=\"elementor-container elementor-column-gap-default\">\n\t\t\t\t\t<div class=\"elementor-column elementor-col-100 elementor-top-column elementor-element elementor-element-607e48d\" data-id=\"607e48d\" data-element_type=\"column\">\n\t\t\t<div class=\"elementor-widget-wrap elementor-element-populated\">\n\t\t\t\t\t\t\t\t<div class=\"elementor-element elementor-element-148dad0 elementor-widget elementor-widget-image\" data-id=\"148dad0\" data-element_type=\"widget\" data-widget_type=\"image.default\">\n\t\t\t\t<div class=\"elementor-widget-container\">\n\t\t\t\t\t\t\t\t\t\t\t\t\t\t\t<img decoding=\"async\" loading=\"lazy\" width=\"1024\" height=\"768\" src=\"https:\/\/jtobarfbienesraices.com\/wp-content\/uploads\/2023\/10\/la-cresta-6.jpg\" class=\"attachment-large size-large wp-image-263\" alt=\"\" srcset=\"https:\/\/jtobarfbienesraices.com\/wp-content\/uploads\/2023\/10\/la-cresta-6.jpg 1024w, https:\/\/jtobarfbienesraices.com\/wp-content\/uploads\/2023\/10\/la-cresta-6-300x225.jpg 300w, https:\/\/jtobarfbienesraices.com\/wp-content\/uploads\/2023\/10\/la-cresta-6-768x576.jpg 768w\" sizes=\"(max-width: 1024px) 100vw, 1024px\" \/>\t\t\t\t\t\t\t\t\t\t\t\t\t\t\t<\/div>\n\t\t\t\t<\/div>\n\t\t\t\t\t<\/div>\n\t\t<\/div>\n\t\t\t\t\t\t\t<\/div>\n\t\t<\/section>\n\t\t\t\t<section class=\"elementor-section elementor-top-section elementor-element elementor-element-899261e elementor-section-boxed elementor-section-height-default elementor-section-height-default\" data-id=\"899261e\" data-element_type=\"section\">\n\t\t\t\t\t\t<div class=\"elementor-container elementor-column-gap-default\">\n\t\t\t\t\t<div class=\"elementor-column elementor-col-100 elementor-top-column elementor-element elementor-element-b0ec533\" data-id=\"b0ec533\" data-element_type=\"column\">\n\t\t\t<div class=\"elementor-widget-wrap elementor-element-populated\">\n\t\t\t\t\t\t\t\t<div class=\"elementor-element elementor-element-417d5cf elementor-widget elementor-widget-image\" data-id=\"417d5cf\" data-element_type=\"widget\" data-widget_type=\"image.default\">\n\t\t\t\t<div class=\"elementor-widget-container\">\n\t\t\t\t\t\t\t\t\t\t\t\t\t\t\t<img decoding=\"async\" loading=\"lazy\" width=\"1024\" height=\"768\" src=\"https:\/\/jtobarfbienesraices.com\/wp-content\/uploads\/2023\/10\/la-cresta-12.jpg\" class=\"attachment-large size-large wp-image-268\" alt=\"\" srcset=\"https:\/\/jtobarfbienesraices.com\/wp-content\/uploads\/2023\/10\/la-cresta-12.jpg 1024w, https:\/\/jtobarfbienesraices.com\/wp-content\/uploads\/2023\/10\/la-cresta-12-300x225.jpg 300w, https:\/\/jtobarfbienesraices.com\/wp-content\/uploads\/2023\/10\/la-cresta-12-768x576.jpg 768w\" sizes=\"(max-width: 1024px) 100vw, 1024px\" \/>\t\t\t\t\t\t\t\t\t\t\t\t\t\t\t<\/div>\n\t\t\t\t<\/div>\n\t\t\t\t\t<\/div>\n\t\t<\/div>\n\t\t\t\t\t\t\t<\/div>\n\t\t<\/section>\n\t\t\t\t<section class=\"elementor-section elementor-top-section elementor-element elementor-element-24ce4c9 elementor-section-boxed elementor-section-height-default elementor-section-height-default\" data-id=\"24ce4c9\" data-element_type=\"section\">\n\t\t\t\t\t\t<div class=\"elementor-container elementor-column-gap-default\">\n\t\t\t\t\t<div class=\"elementor-column elementor-col-100 elementor-top-column elementor-element elementor-element-376bc7c\" data-id=\"376bc7c\" data-element_type=\"column\">\n\t\t\t<div class=\"elementor-widget-wrap elementor-element-populated\">\n\t\t\t\t\t\t\t\t<div class=\"elementor-element elementor-element-dd85539 elementor-widget elementor-widget-image\" data-id=\"dd85539\" data-element_type=\"widget\" data-widget_type=\"image.default\">\n\t\t\t\t<div class=\"elementor-widget-container\">\n\t\t\t\t\t\t\t\t\t\t\t\t\t\t\t<img decoding=\"async\" loading=\"lazy\" width=\"1024\" height=\"768\" src=\"https:\/\/jtobarfbienesraices.com\/wp-content\/uploads\/2023\/10\/la-cresta9.jpg\" class=\"attachment-large size-large wp-image-270\" alt=\"\" srcset=\"https:\/\/jtobarfbienesraices.com\/wp-content\/uploads\/2023\/10\/la-cresta9.jpg 1024w, https:\/\/jtobarfbienesraices.com\/wp-content\/uploads\/2023\/10\/la-cresta9-300x225.jpg 300w, https:\/\/jtobarfbienesraices.com\/wp-content\/uploads\/2023\/10\/la-cresta9-768x576.jpg 768w\" sizes=\"(max-width: 1024px) 100vw, 1024px\" \/>\t\t\t\t\t\t\t\t\t\t\t\t\t\t\t<\/div>\n\t\t\t\t<\/div>\n\t\t\t\t\t<\/div>\n\t\t<\/div>\n\t\t\t\t\t\t\t<\/div>\n\t\t<\/section>\n\t\t\t\t<section class=\"elementor-section elementor-top-section elementor-element elementor-element-7e0e9f2 elementor-section-boxed elementor-section-height-default elementor-section-height-default\" data-id=\"7e0e9f2\" data-element_type=\"section\">\n\t\t\t\t\t\t<div class=\"elementor-container elementor-column-gap-default\">\n\t\t\t\t\t<div class=\"elementor-column elementor-col-100 elementor-top-column elementor-element elementor-element-e5132c3\" data-id=\"e5132c3\" data-element_type=\"column\">\n\t\t\t<div class=\"elementor-widget-wrap elementor-element-populated\">\n\t\t\t\t\t\t\t\t<div class=\"elementor-element elementor-element-99cb900 elementor-widget elementor-widget-image\" data-id=\"99cb900\" data-element_type=\"widget\" data-widget_type=\"image.default\">\n\t\t\t\t<div class=\"elementor-widget-container\">\n\t\t\t\t\t\t\t\t\t\t\t\t\t\t\t<img decoding=\"async\" loading=\"lazy\" width=\"1024\" height=\"770\" src=\"https:\/\/jtobarfbienesraices.com\/wp-content\/uploads\/2023\/10\/la-cresta-13-1024x770.jpg\" class=\"attachment-large size-large wp-image-269\" alt=\"\" srcset=\"https:\/\/jtobarfbienesraices.com\/wp-content\/uploads\/2023\/10\/la-cresta-13-1024x770.jpg 1024w, https:\/\/jtobarfbienesraices.com\/wp-content\/uploads\/2023\/10\/la-cresta-13-300x226.jpg 300w, https:\/\/jtobarfbienesraices.com\/wp-content\/uploads\/2023\/10\/la-cresta-13-768x578.jpg 768w, https:\/\/jtobarfbienesraices.com\/wp-content\/uploads\/2023\/10\/la-cresta-13.jpg 1280w\" sizes=\"(max-width: 1024px) 100vw, 1024px\" \/>\t\t\t\t\t\t\t\t\t\t\t\t\t\t\t<\/div>\n\t\t\t\t<\/div>\n\t\t\t\t\t<\/div>\n\t\t<\/div>\n\t\t\t\t\t\t\t<\/div>\n\t\t<\/section>\n\t\t\t\t<section class=\"elementor-section elementor-top-section elementor-element elementor-element-3176a6a elementor-section-boxed elementor-section-height-default elementor-section-height-default\" data-id=\"3176a6a\" data-element_type=\"section\">\n\t\t\t\t\t\t<div class=\"elementor-container elementor-column-gap-default\">\n\t\t\t\t\t<div class=\"elementor-column elementor-col-100 elementor-top-column elementor-element elementor-element-7664a4b\" data-id=\"7664a4b\" data-element_type=\"column\">\n\t\t\t<div class=\"elementor-widget-wrap elementor-element-populated\">\n\t\t\t\t\t\t\t\t<div class=\"elementor-element elementor-element-9df29fb elementor-widget elementor-widget-image\" data-id=\"9df29fb\" data-element_type=\"widget\" data-widget_type=\"image.default\">\n\t\t\t\t<div class=\"elementor-widget-container\">\n\t\t\t\t\t\t\t\t\t\t\t\t\t\t\t<img decoding=\"async\" loading=\"lazy\" width=\"768\" height=\"1024\" src=\"https:\/\/jtobarfbienesraices.com\/wp-content\/uploads\/2023\/10\/la-cresta-5-768x1024.jpeg\" class=\"attachment-large size-large wp-image-262\" alt=\"\" srcset=\"https:\/\/jtobarfbienesraices.com\/wp-content\/uploads\/2023\/10\/la-cresta-5-768x1024.jpeg 768w, https:\/\/jtobarfbienesraices.com\/wp-content\/uploads\/2023\/10\/la-cresta-5-225x300.jpeg 225w, https:\/\/jtobarfbienesraices.com\/wp-content\/uploads\/2023\/10\/la-cresta-5-1152x1536.jpeg 1152w, https:\/\/jtobarfbienesraices.com\/wp-content\/uploads\/2023\/10\/la-cresta-5-1536x2048.jpeg 1536w, https:\/\/jtobarfbienesraices.com\/wp-content\/uploads\/2023\/10\/la-cresta-5-scaled.jpeg 1920w\" sizes=\"(max-width: 768px) 100vw, 768px\" \/>\t\t\t\t\t\t\t\t\t\t\t\t\t\t\t<\/div>\n\t\t\t\t<\/div>\n\t\t\t\t\t<\/div>\n\t\t<\/div>\n\t\t\t\t\t\t\t<\/div>\n\t\t<\/section>\n\t\t\t\t<section class=\"elementor-section elementor-top-section elementor-element elementor-element-ee12b69 elementor-section-boxed elementor-section-height-default elementor-section-height-default\" data-id=\"ee12b69\" data-element_type=\"section\">\n\t\t\t\t\t\t<div class=\"elementor-container elementor-column-gap-default\">\n\t\t\t\t\t<div class=\"elementor-column elementor-col-100 elementor-top-column elementor-element elementor-element-ff445f9\" data-id=\"ff445f9\" data-element_type=\"column\">\n\t\t\t<div class=\"elementor-widget-wrap\">\n\t\t\t\t\t\t\t\t\t<\/div>\n\t\t<\/div>\n\t\t\t\t\t\t\t<\/div>\n\t\t<\/section>\n\t\t\t\t<section class=\"elementor-section elementor-top-section elementor-element elementor-element-1aa4a0b3 elementor-section-content-middle elementor-section-boxed elementor-section-height-default elementor-section-height-default\" data-id=\"1aa4a0b3\" data-element_type=\"section\">\n\t\t\t\t\t\t\t<div class=\"elementor-background-overlay\"><\/div>\n\t\t\t\t\t\t\t<div class=\"elementor-container elementor-column-gap-no\">\n\t\t\t\t\t<div class=\"elementor-column elementor-col-100 elementor-top-column elementor-element elementor-element-331a9a95\" data-id=\"331a9a95\" data-element_type=\"column\">\n\t\t\t<div class=\"elementor-widget-wrap elementor-element-populated\">\n\t\t\t\t\t\t\t\t<div class=\"elementor-element elementor-element-479315cb elementor-view-default elementor-position-top elementor-mobile-position-top elementor-widget elementor-widget-icon-box\" data-id=\"479315cb\" data-element_type=\"widget\" data-widget_type=\"icon-box.default\">\n\t\t\t\t<div class=\"elementor-widget-container\">\n\t\t\t<link rel=\"stylesheet\" href=\"https:\/\/jtobarfbienesraices.com\/wp-content\/plugins\/elementor\/assets\/css\/widget-icon-box.min.css\">\t\t<div class=\"elementor-icon-box-wrapper\">\n\t\t\t\t\t\t<div class=\"elementor-icon-box-icon\">\n\t\t\t\t<span class=\"elementor-icon elementor-animation-\" >\n\t\t\t\t<i aria-hidden=\"true\" class=\"fas fa-stream\"><\/i>\t\t\t\t<\/span>\n\t\t\t<\/div>\n\t\t\t\t\t\t<div class=\"elementor-icon-box-content\">\n\t\t\t\t<h4 class=\"elementor-icon-box-title\">\n\t\t\t\t\t<span  >\n\t\t\t\t\t\tconoce m\u00e1s\t\t\t\t\t<\/span>\n\t\t\t\t<\/h4>\n\t\t\t\t\t\t\t\t\t<p class=\"elementor-icon-box-description\">\n\t\t\t\t\t\tSE VENDE DEPARTAMENTO EN LA CRESTA\t\t\t\t\t<\/p>\n\t\t\t\t\t\t\t<\/div>\n\t\t<\/div>\n\t\t\t\t<\/div>\n\t\t\t\t<\/div>\n\t\t\t\t<div class=\"elementor-element elementor-element-4c2087df elementor-widget elementor-widget-text-editor\" data-id=\"4c2087df\" data-element_type=\"widget\" data-widget_type=\"text-editor.default\">\n\t\t\t\t<div class=\"elementor-widget-container\">\n\t\t\t<style>\/*! elementor - v3.15.0 - 20-08-2023 *\/\n.elementor-widget-text-editor.elementor-drop-cap-view-stacked .elementor-drop-cap{background-color:#69727d;color:#fff}.elementor-widget-text-editor.elementor-drop-cap-view-framed .elementor-drop-cap{color:#69727d;border:3px solid;background-color:transparent}.elementor-widget-text-editor:not(.elementor-drop-cap-view-default) .elementor-drop-cap{margin-top:8px}.elementor-widget-text-editor:not(.elementor-drop-cap-view-default) .elementor-drop-cap-letter{width:1em;height:1em}.elementor-widget-text-editor .elementor-drop-cap{float:left;text-align:center;line-height:1;font-size:50px}.elementor-widget-text-editor .elementor-drop-cap-letter{display:inline-block}<\/style>\t\t\t\t<p>La Cresta apartamento con una vista espectacular en elexcusivo Barrio de La Cresta. Con una superficie de 383.84 mts2, este apartamento ofrece amplios espacios para disfrutar y relajarse. Cuenta con 3 rec\u00e1maras y 3.5 ba\u00f1os, lo que proporciona comodidad y privacidad para toda la familia.<br \/>El apartamento tambi\u00e9n incluye 2 estacionamientos y 2 dep\u00f3sitos, brindando espacio adicional para almacenamiento. Adem\u00e1s, cuenta con un cuarto y ba\u00f1o de servicio, lo cual agrega flexibilidad y conveniencia.<\/p>\t\t\t\t\t\t<\/div>\n\t\t\t\t<\/div>\n\t\t\t\t\t<\/div>\n\t\t<\/div>\n\t\t\t\t\t\t\t<\/div>\n\t\t<\/section>\n\t\t\t\t<section class=\"elementor-section elementor-top-section elementor-element elementor-element-c7e0725 elementor-section-boxed elementor-section-height-default elementor-section-height-default\" data-id=\"c7e0725\" data-element_type=\"section\">\n\t\t\t\t\t\t<div class=\"elementor-container elementor-column-gap-default\">\n\t\t\t\t\t<div class=\"elementor-column elementor-col-100 elementor-top-column elementor-element elementor-element-6907177\" data-id=\"6907177\" data-element_type=\"column\">\n\t\t\t<div class=\"elementor-widget-wrap elementor-element-populated\">\n\t\t\t\t\t\t\t\t<div class=\"elementor-element elementor-element-ebf1cfe elementor-widget elementor-widget-image\" data-id=\"ebf1cfe\" data-element_type=\"widget\" data-widget_type=\"image.default\">\n\t\t\t\t<div class=\"elementor-widget-container\">\n\t\t\t\t\t\t\t\t\t\t\t\t\t\t\t<img decoding=\"async\" loading=\"lazy\" width=\"440\" height=\"288\" src=\"https:\/\/jtobarfbienesraices.com\/wp-content\/uploads\/2023\/09\/cropped-cropped-JORGE-TOBAR-F-1.png\" class=\"attachment-large size-large wp-image-225\" alt=\"\" srcset=\"https:\/\/jtobarfbienesraices.com\/wp-content\/uploads\/2023\/09\/cropped-cropped-JORGE-TOBAR-F-1.png 440w, https:\/\/jtobarfbienesraices.com\/wp-content\/uploads\/2023\/09\/cropped-cropped-JORGE-TOBAR-F-1-300x196.png 300w, https:\/\/jtobarfbienesraices.com\/wp-content\/uploads\/2023\/09\/cropped-cropped-JORGE-TOBAR-F-1-191x125.png 191w\" sizes=\"(max-width: 440px) 100vw, 440px\" \/>\t\t\t\t\t\t\t\t\t\t\t\t\t\t\t<\/div>\n\t\t\t\t<\/div>\n\t\t\t\t\t<\/div>\n\t\t<\/div>\n\t\t\t\t\t\t\t<\/div>\n\t\t<\/section>\n\t\t\t\t\t\t\t<\/div>\n\t\t","protected":false},"excerpt":{"rendered":"<p>conoce m\u00e1s SE VENDE DEPARTAMENTO EN LA CRESTA La Cresta apartamento con una vista espectacular en elexcusivo Barrio de La Cresta. Con una superficie de 383.84 mts2, este apartamento ofrece amplios espacios para disfrutar y relajarse. Cuenta con 3 rec\u00e1maras y 3.5 ba\u00f1os, lo que proporciona comodidad y privacidad para toda la familia.El apartamento tambi\u00e9n &hellip;<\/p>\n<p class=\"read-more\"> <a class=\"\" href=\"https:\/\/jtobarfbienesraices.com\/index.php\/dep-en-venta-en-la-cresta\/\"> <span class=\"screen-reader-text\">Dep. en venta en La Cresta<\/span> Read More &raquo;<\/a><\/p>\n","protected":false},"author":1,"featured_media":0,"parent":0,"menu_order":0,"comment_status":"closed","ping_status":"closed","template":"","meta":{"site-sidebar-layout":"no-sidebar","site-content-layout":"","ast-site-content-layout":"full-width-container","site-content-style":"default","site-sidebar-style":"default","ast-global-header-display":"","ast-banner-title-visibility":"","ast-main-header-display":"","ast-hfb-above-header-display":"","ast-hfb-below-header-display":"","ast-hfb-mobile-header-display":"","site-post-title":"disabled","ast-breadcrumbs-content":"","ast-featured-img":"disabled","footer-sml-layout":"","theme-transparent-header-meta":"","adv-header-id-meta":"","stick-header-meta":"","header-above-stick-meta":"","header-main-stick-meta":"","header-below-stick-meta":"","astra-migrate-meta-layouts":"","footnotes":"","_joinchat":[]},"_links":{"self":[{"href":"https:\/\/jtobarfbienesraices.com\/index.php\/wp-json\/wp\/v2\/pages\/255"}],"collection":[{"href":"https:\/\/jtobarfbienesraices.com\/index.php\/wp-json\/wp\/v2\/pages"}],"about":[{"href":"https:\/\/jtobarfbienesraices.com\/index.php\/wp-json\/wp\/v2\/types\/page"}],"author":[{"embeddable":true,"href":"https:\/\/jtobarfbienesraices.com\/index.php\/wp-json\/wp\/v2\/users\/1"}],"replies":[{"embeddable":true,"href":"https:\/\/jtobarfbienesraices.com\/index.php\/wp-json\/wp\/v2\/comments?post=255"}],"version-history":[{"count":13,"href":"https:\/\/jtobarfbienesraices.com\/index.php\/wp-json\/wp\/v2\/pages\/255\/revisions"}],"predecessor-version":[{"id":389,"href":"https:\/\/jtobarfbienesraices.com\/index.php\/wp-json\/wp\/v2\/pages\/255\/revisions\/389"}],"wp:attachment":[{"href":"https:\/\/jtobarfbienesraices.com\/index.php\/wp-json\/wp\/v2\/media?parent=255"}],"curies":[{"name":"wp","href":"https:\/\/api.w.org\/{rel}","templated":true}]}}