{"id":321,"date":"2023-10-11T05:08:43","date_gmt":"2023-10-11T05:08:43","guid":{"rendered":"https:\/\/jtobarfbienesraices.com\/?page_id=321"},"modified":"2023-10-11T18:07:18","modified_gmt":"2023-10-11T18:07:18","slug":"dep-en-costa-del-este","status":"publish","type":"page","link":"https:\/\/jtobarfbienesraices.com\/index.php\/dep-en-costa-del-este\/","title":{"rendered":"Dep. en Costa del Este"},"content":{"rendered":"\t\t<div data-elementor-type=\"wp-page\" data-elementor-id=\"321\" class=\"elementor elementor-321\">\n\t\t\t\t\t\t\t\t\t<section class=\"elementor-section elementor-top-section elementor-element elementor-element-e758b80 elementor-section-boxed elementor-section-height-default elementor-section-height-default\" data-id=\"e758b80\" data-element_type=\"section\">\n\t\t\t\t\t\t<div class=\"elementor-container elementor-column-gap-default\">\n\t\t\t\t\t<div class=\"elementor-column elementor-col-100 elementor-top-column elementor-element elementor-element-2a3ad81\" data-id=\"2a3ad81\" data-element_type=\"column\">\n\t\t\t<div class=\"elementor-widget-wrap elementor-element-populated\">\n\t\t\t\t\t\t\t\t<div class=\"elementor-element elementor-element-076b750 elementor-widget elementor-widget-image\" data-id=\"076b750\" data-element_type=\"widget\" data-widget_type=\"image.default\">\n\t\t\t\t<div class=\"elementor-widget-container\">\n\t\t\t<style>\/*! elementor - v3.15.0 - 20-08-2023 *\/\n.elementor-widget-image{text-align:center}.elementor-widget-image a{display:inline-block}.elementor-widget-image a img[src$=\".svg\"]{width:48px}.elementor-widget-image img{vertical-align:middle;display:inline-block}<\/style>\t\t\t\t\t\t\t\t\t\t\t\t<img decoding=\"async\" loading=\"lazy\" width=\"1024\" height=\"768\" src=\"https:\/\/jtobarfbienesraices.com\/wp-content\/uploads\/2023\/10\/Portada-costa-del-este-1024x768.jpg\" class=\"attachment-large size-large wp-image-220\" alt=\"\" srcset=\"https:\/\/jtobarfbienesraices.com\/wp-content\/uploads\/2023\/10\/Portada-costa-del-este-1024x768.jpg 1024w, https:\/\/jtobarfbienesraices.com\/wp-content\/uploads\/2023\/10\/Portada-costa-del-este-300x225.jpg 300w, https:\/\/jtobarfbienesraices.com\/wp-content\/uploads\/2023\/10\/Portada-costa-del-este-768x576.jpg 768w, https:\/\/jtobarfbienesraices.com\/wp-content\/uploads\/2023\/10\/Portada-costa-del-este.jpg 1280w\" sizes=\"(max-width: 1024px) 100vw, 1024px\" \/>\t\t\t\t\t\t\t\t\t\t\t\t\t\t\t<\/div>\n\t\t\t\t<\/div>\n\t\t\t\t<div class=\"elementor-element elementor-element-0b55758 elementor-widget elementor-widget-image\" data-id=\"0b55758\" data-element_type=\"widget\" data-widget_type=\"image.default\">\n\t\t\t\t<div class=\"elementor-widget-container\">\n\t\t\t\t\t\t\t\t\t\t\t\t\t\t\t<img decoding=\"async\" loading=\"lazy\" width=\"1024\" height=\"766\" src=\"https:\/\/jtobarfbienesraices.com\/wp-content\/uploads\/2023\/10\/PHOTO-2021-07-13-13-38-33-1024x766.jpg\" class=\"attachment-large size-large wp-image-369\" alt=\"\" srcset=\"https:\/\/jtobarfbienesraices.com\/wp-content\/uploads\/2023\/10\/PHOTO-2021-07-13-13-38-33-1024x766.jpg 1024w, https:\/\/jtobarfbienesraices.com\/wp-content\/uploads\/2023\/10\/PHOTO-2021-07-13-13-38-33-300x225.jpg 300w, https:\/\/jtobarfbienesraices.com\/wp-content\/uploads\/2023\/10\/PHOTO-2021-07-13-13-38-33-768x575.jpg 768w, https:\/\/jtobarfbienesraices.com\/wp-content\/uploads\/2023\/10\/PHOTO-2021-07-13-13-38-33.jpg 1280w\" sizes=\"(max-width: 1024px) 100vw, 1024px\" \/>\t\t\t\t\t\t\t\t\t\t\t\t\t\t\t<\/div>\n\t\t\t\t<\/div>\n\t\t\t\t<div class=\"elementor-element elementor-element-52b9e7b elementor-widget elementor-widget-image\" data-id=\"52b9e7b\" data-element_type=\"widget\" data-widget_type=\"image.default\">\n\t\t\t\t<div class=\"elementor-widget-container\">\n\t\t\t\t\t\t\t\t\t\t\t\t\t\t\t<img decoding=\"async\" loading=\"lazy\" width=\"1024\" height=\"769\" src=\"https:\/\/jtobarfbienesraices.com\/wp-content\/uploads\/2023\/10\/Piscina-2-1024x769.jpg\" class=\"attachment-large size-large wp-image-371\" alt=\"\" srcset=\"https:\/\/jtobarfbienesraices.com\/wp-content\/uploads\/2023\/10\/Piscina-2-1024x769.jpg 1024w, https:\/\/jtobarfbienesraices.com\/wp-content\/uploads\/2023\/10\/Piscina-2-300x225.jpg 300w, https:\/\/jtobarfbienesraices.com\/wp-content\/uploads\/2023\/10\/Piscina-2-768x577.jpg 768w, https:\/\/jtobarfbienesraices.com\/wp-content\/uploads\/2023\/10\/Piscina-2.jpg 1200w\" sizes=\"(max-width: 1024px) 100vw, 1024px\" \/>\t\t\t\t\t\t\t\t\t\t\t\t\t\t\t<\/div>\n\t\t\t\t<\/div>\n\t\t\t\t<div class=\"elementor-element elementor-element-365199d elementor-widget elementor-widget-image\" data-id=\"365199d\" data-element_type=\"widget\" data-widget_type=\"image.default\">\n\t\t\t\t<div class=\"elementor-widget-container\">\n\t\t\t\t\t\t\t\t\t\t\t\t\t\t\t<img decoding=\"async\" loading=\"lazy\" width=\"1024\" height=\"768\" src=\"https:\/\/jtobarfbienesraices.com\/wp-content\/uploads\/2023\/10\/WhatsApp-Image-2023-03-28-at-9.44.47-AM-1024x768.jpeg\" class=\"attachment-large size-large wp-image-374\" alt=\"\" srcset=\"https:\/\/jtobarfbienesraices.com\/wp-content\/uploads\/2023\/10\/WhatsApp-Image-2023-03-28-at-9.44.47-AM-1024x768.jpeg 1024w, https:\/\/jtobarfbienesraices.com\/wp-content\/uploads\/2023\/10\/WhatsApp-Image-2023-03-28-at-9.44.47-AM-300x225.jpeg 300w, https:\/\/jtobarfbienesraices.com\/wp-content\/uploads\/2023\/10\/WhatsApp-Image-2023-03-28-at-9.44.47-AM-768x576.jpeg 768w, https:\/\/jtobarfbienesraices.com\/wp-content\/uploads\/2023\/10\/WhatsApp-Image-2023-03-28-at-9.44.47-AM-1536x1152.jpeg 1536w, https:\/\/jtobarfbienesraices.com\/wp-content\/uploads\/2023\/10\/WhatsApp-Image-2023-03-28-at-9.44.47-AM.jpeg 1600w\" sizes=\"(max-width: 1024px) 100vw, 1024px\" \/>\t\t\t\t\t\t\t\t\t\t\t\t\t\t\t<\/div>\n\t\t\t\t<\/div>\n\t\t\t\t<div class=\"elementor-element elementor-element-f2f228c elementor-widget elementor-widget-image\" data-id=\"f2f228c\" data-element_type=\"widget\" data-widget_type=\"image.default\">\n\t\t\t\t<div class=\"elementor-widget-container\">\n\t\t\t\t\t\t\t\t\t\t\t\t\t\t\t<img decoding=\"async\" loading=\"lazy\" width=\"1024\" height=\"771\" src=\"https:\/\/jtobarfbienesraices.com\/wp-content\/uploads\/2023\/10\/Piscina-1024x771.jpg\" class=\"attachment-large size-large wp-image-372\" alt=\"\" srcset=\"https:\/\/jtobarfbienesraices.com\/wp-content\/uploads\/2023\/10\/Piscina-1024x771.jpg 1024w, https:\/\/jtobarfbienesraices.com\/wp-content\/uploads\/2023\/10\/Piscina-300x226.jpg 300w, https:\/\/jtobarfbienesraices.com\/wp-content\/uploads\/2023\/10\/Piscina-768x579.jpg 768w, https:\/\/jtobarfbienesraices.com\/wp-content\/uploads\/2023\/10\/Piscina.jpg 1200w\" sizes=\"(max-width: 1024px) 100vw, 1024px\" \/>\t\t\t\t\t\t\t\t\t\t\t\t\t\t\t<\/div>\n\t\t\t\t<\/div>\n\t\t\t\t<div class=\"elementor-element elementor-element-b924136 elementor-widget elementor-widget-image\" data-id=\"b924136\" data-element_type=\"widget\" data-widget_type=\"image.default\">\n\t\t\t\t<div class=\"elementor-widget-container\">\n\t\t\t\t\t\t\t\t\t\t\t\t\t\t\t<img decoding=\"async\" loading=\"lazy\" width=\"1024\" height=\"768\" src=\"https:\/\/jtobarfbienesraices.com\/wp-content\/uploads\/2023\/10\/WhatsApp-Image-2023-03-28-at-9.44.52-AM-1024x768.jpeg\" class=\"attachment-large size-large wp-image-375\" alt=\"\" srcset=\"https:\/\/jtobarfbienesraices.com\/wp-content\/uploads\/2023\/10\/WhatsApp-Image-2023-03-28-at-9.44.52-AM-1024x768.jpeg 1024w, https:\/\/jtobarfbienesraices.com\/wp-content\/uploads\/2023\/10\/WhatsApp-Image-2023-03-28-at-9.44.52-AM-300x225.jpeg 300w, https:\/\/jtobarfbienesraices.com\/wp-content\/uploads\/2023\/10\/WhatsApp-Image-2023-03-28-at-9.44.52-AM-768x576.jpeg 768w, https:\/\/jtobarfbienesraices.com\/wp-content\/uploads\/2023\/10\/WhatsApp-Image-2023-03-28-at-9.44.52-AM-1536x1152.jpeg 1536w, https:\/\/jtobarfbienesraices.com\/wp-content\/uploads\/2023\/10\/WhatsApp-Image-2023-03-28-at-9.44.52-AM.jpeg 2048w\" sizes=\"(max-width: 1024px) 100vw, 1024px\" \/>\t\t\t\t\t\t\t\t\t\t\t\t\t\t\t<\/div>\n\t\t\t\t<\/div>\n\t\t\t\t\t<\/div>\n\t\t<\/div>\n\t\t\t\t\t\t\t<\/div>\n\t\t<\/section>\n\t\t\t\t<section class=\"elementor-section elementor-top-section elementor-element elementor-element-78d187ae elementor-section-content-middle elementor-section-boxed elementor-section-height-default elementor-section-height-default\" data-id=\"78d187ae\" data-element_type=\"section\">\n\t\t\t\t\t\t\t<div class=\"elementor-background-overlay\"><\/div>\n\t\t\t\t\t\t\t<div class=\"elementor-container elementor-column-gap-no\">\n\t\t\t\t\t<div class=\"elementor-column elementor-col-100 elementor-top-column elementor-element elementor-element-3f318f1d\" data-id=\"3f318f1d\" data-element_type=\"column\">\n\t\t\t<div class=\"elementor-widget-wrap elementor-element-populated\">\n\t\t\t\t\t\t\t\t<div class=\"elementor-element elementor-element-3575133 elementor-view-default elementor-position-top elementor-mobile-position-top elementor-widget elementor-widget-icon-box\" data-id=\"3575133\" data-element_type=\"widget\" data-widget_type=\"icon-box.default\">\n\t\t\t\t<div class=\"elementor-widget-container\">\n\t\t\t<link rel=\"stylesheet\" href=\"https:\/\/jtobarfbienesraices.com\/wp-content\/plugins\/elementor\/assets\/css\/widget-icon-box.min.css\">\t\t<div class=\"elementor-icon-box-wrapper\">\n\t\t\t\t\t\t<div class=\"elementor-icon-box-icon\">\n\t\t\t\t<span class=\"elementor-icon elementor-animation-\" >\n\t\t\t\t<i aria-hidden=\"true\" class=\"fas fa-stream\"><\/i>\t\t\t\t<\/span>\n\t\t\t<\/div>\n\t\t\t\t\t\t<div class=\"elementor-icon-box-content\">\n\t\t\t\t<h4 class=\"elementor-icon-box-title\">\n\t\t\t\t\t<span  >\n\t\t\t\t\t\tCONOCE M\u00c1S\t\t\t\t\t<\/span>\n\t\t\t\t<\/h4>\n\t\t\t\t\t\t\t\t\t<p class=\"elementor-icon-box-description\">\n\t\t\t\t\t\tDepartamento en venta COSTA DEL ESTE\t\t\t\t\t<\/p>\n\t\t\t\t\t\t\t<\/div>\n\t\t<\/div>\n\t\t\t\t<\/div>\n\t\t\t\t<\/div>\n\t\t\t\t<div class=\"elementor-element elementor-element-68122c94 elementor-widget elementor-widget-text-editor\" data-id=\"68122c94\" data-element_type=\"widget\" data-widget_type=\"text-editor.default\">\n\t\t\t\t<div class=\"elementor-widget-container\">\n\t\t\t<style>\/*! elementor - v3.15.0 - 20-08-2023 *\/\n.elementor-widget-text-editor.elementor-drop-cap-view-stacked .elementor-drop-cap{background-color:#69727d;color:#fff}.elementor-widget-text-editor.elementor-drop-cap-view-framed .elementor-drop-cap{color:#69727d;border:3px solid;background-color:transparent}.elementor-widget-text-editor:not(.elementor-drop-cap-view-default) .elementor-drop-cap{margin-top:8px}.elementor-widget-text-editor:not(.elementor-drop-cap-view-default) .elementor-drop-cap-letter{width:1em;height:1em}.elementor-widget-text-editor .elementor-drop-cap{float:left;text-align:center;line-height:1;font-size:50px}.elementor-widget-text-editor .elementor-drop-cap-letter{display:inline-block}<\/style>\t\t\t\t<p>\u00a1Este apartamento en Costa del Este, Panam\u00e1, es una joya que no querr\u00e1s dejar escapar! Con una ubicaci\u00f3n privilegiada y comodidades de primera clase, esta propiedad es perfecta para aquellos que buscan la vida de lujo en uno de los vecindarios m\u00e1s exclusivos de Panam\u00e1. Aqu\u00ed tienes todos los detalles que necesitas:<br \/><br \/><img decoding=\"async\" class=\"an1\" src=\"https:\/\/fonts.gstatic.com\/s\/e\/notoemoji\/15.0\/1f3d9_fe0f\/32.png\" alt=\"\ud83c\udfd9\ufe0f\" data-emoji=\"\ud83c\udfd9\ufe0f\" aria-label=\"\ud83c\udfd9\ufe0f\" \/>Apartamento en Venta en Costa del Este, Panam\u00e1<br \/><img decoding=\"async\" class=\"an1\" src=\"https:\/\/fonts.gstatic.com\/s\/e\/notoemoji\/15.0\/1f4d0\/32.png\" alt=\"\ud83d\udcd0\" data-emoji=\"\ud83d\udcd0\" aria-label=\"\ud83d\udcd0\" \/>139 m\u00b2 de construcci\u00f3n<br \/><br \/>Caracter\u00edsticas de la propiedad:<br \/><img decoding=\"async\" class=\"an1\" src=\"https:\/\/fonts.gstatic.com\/s\/e\/notoemoji\/15.0\/1f6cf\/32.png\" alt=\"\ud83d\udecf\" data-emoji=\"\ud83d\udecf\" aria-label=\"\ud83d\udecf\" \/>3 habitaciones elegantes y espaciosas<br \/><img decoding=\"async\" class=\"an1\" src=\"https:\/\/fonts.gstatic.com\/s\/e\/notoemoji\/15.0\/1f6bf\/32.png\" alt=\"\ud83d\udebf\" data-emoji=\"\ud83d\udebf\" aria-label=\"\ud83d\udebf\" \/>2.5 ba\u00f1os de dise\u00f1o contempor\u00e1neo<br \/><img decoding=\"async\" class=\"an1\" src=\"https:\/\/fonts.gstatic.com\/s\/e\/notoemoji\/15.0\/1f697\/32.png\" alt=\"\ud83d\ude97\" data-emoji=\"\ud83d\ude97\" aria-label=\"\ud83d\ude97\" \/>2 espacios de estacionamiento para tu comodidad<br \/><img decoding=\"async\" class=\"an1\" src=\"https:\/\/fonts.gstatic.com\/s\/e\/notoemoji\/15.0\/1f3e2\/32.png\" alt=\"\ud83c\udfe2\" data-emoji=\"\ud83c\udfe2\" aria-label=\"\ud83c\udfe2\" \/>\u00c1rea social con piscina, gimnasio y sal\u00f3n de fiestas para entretenimiento y relajaci\u00f3n<br \/><img decoding=\"async\" class=\"an1\" src=\"https:\/\/fonts.gstatic.com\/s\/e\/notoemoji\/15.0\/1f37d_fe0f\/32.png\" alt=\"\ud83c\udf7d\ufe0f\" data-emoji=\"\ud83c\udf7d\ufe0f\" aria-label=\"\ud83c\udf7d\ufe0f\" \/>Sala comedor con espacio generoso para reuniones familiares y de amigos<br \/><img decoding=\"async\" class=\"an1\" src=\"https:\/\/fonts.gstatic.com\/s\/e\/notoemoji\/15.0\/1f306\/32.png\" alt=\"\ud83c\udf06\" data-emoji=\"\ud83c\udf06\" aria-label=\"\ud83c\udf06\" \/>Balc\u00f3n con vistas espectaculares para disfrutar de los atardeceres<br \/><img decoding=\"async\" class=\"an1\" src=\"https:\/\/fonts.gstatic.com\/s\/e\/notoemoji\/15.0\/1f6a7\/32.png\" alt=\"\ud83d\udea7\" data-emoji=\"\ud83d\udea7\" aria-label=\"\ud83d\udea7\" \/>Seguridad las 24 horas para tu tranquilidad<br \/><img decoding=\"async\" class=\"an1\" src=\"https:\/\/fonts.gstatic.com\/s\/e\/notoemoji\/15.0\/1f31f\/32.png\" alt=\"\ud83c\udf1f\" data-emoji=\"\ud83c\udf1f\" aria-label=\"\ud83c\udf1f\" \/>Excelente ubicaci\u00f3n en Costa del Este, cerca de tiendas, restaurantes y m\u00e1s<br \/><br \/>Precio de venta: $260,000<br \/><br \/>Este apartamento amoblado ofrece un estilo de vida lujoso y comodidades de primera clase en una de las zonas m\u00e1s prestigiosas de Panam\u00e1. Si buscas calidad, seguridad y ubicaci\u00f3n, este es el lugar perfecto para ti.<\/p>\t\t\t\t\t\t<\/div>\n\t\t\t\t<\/div>\n\t\t\t\t\t<\/div>\n\t\t<\/div>\n\t\t\t\t\t\t\t<\/div>\n\t\t<\/section>\n\t\t\t\t<section class=\"elementor-section elementor-top-section elementor-element elementor-element-40e4c96 elementor-section-boxed elementor-section-height-default elementor-section-height-default\" data-id=\"40e4c96\" data-element_type=\"section\">\n\t\t\t\t\t\t<div class=\"elementor-container elementor-column-gap-default\">\n\t\t\t\t\t<div class=\"elementor-column elementor-col-100 elementor-top-column elementor-element elementor-element-fc37354\" data-id=\"fc37354\" data-element_type=\"column\">\n\t\t\t<div class=\"elementor-widget-wrap elementor-element-populated\">\n\t\t\t\t\t\t\t\t<div class=\"elementor-element elementor-element-d5c58b2 elementor-widget elementor-widget-image\" data-id=\"d5c58b2\" data-element_type=\"widget\" data-widget_type=\"image.default\">\n\t\t\t\t<div class=\"elementor-widget-container\">\n\t\t\t\t\t\t\t\t\t\t\t\t\t\t\t<img decoding=\"async\" loading=\"lazy\" width=\"500\" height=\"288\" src=\"https:\/\/jtobarfbienesraices.com\/wp-content\/uploads\/2023\/09\/cropped-JORGE-TOBAR-F.png\" class=\"attachment-large size-large wp-image-54\" alt=\"\" srcset=\"https:\/\/jtobarfbienesraices.com\/wp-content\/uploads\/2023\/09\/cropped-JORGE-TOBAR-F.png 500w, https:\/\/jtobarfbienesraices.com\/wp-content\/uploads\/2023\/09\/cropped-JORGE-TOBAR-F-300x173.png 300w\" sizes=\"(max-width: 500px) 100vw, 500px\" \/>\t\t\t\t\t\t\t\t\t\t\t\t\t\t\t<\/div>\n\t\t\t\t<\/div>\n\t\t\t\t\t<\/div>\n\t\t<\/div>\n\t\t\t\t\t\t\t<\/div>\n\t\t<\/section>\n\t\t\t\t\t\t\t<\/div>\n\t\t","protected":false},"excerpt":{"rendered":"<p>CONOCE M\u00c1S Departamento en venta COSTA DEL ESTE \u00a1Este apartamento en Costa del Este, Panam\u00e1, es una joya que no querr\u00e1s dejar escapar! Con una ubicaci\u00f3n privilegiada y comodidades de primera clase, esta propiedad es perfecta para aquellos que buscan la vida de lujo en uno de los vecindarios m\u00e1s exclusivos de Panam\u00e1. Aqu\u00ed tienes &hellip;<\/p>\n<p class=\"read-more\"> <a class=\"\" href=\"https:\/\/jtobarfbienesraices.com\/index.php\/dep-en-costa-del-este\/\"> <span class=\"screen-reader-text\">Dep. en Costa del Este<\/span> Read More &raquo;<\/a><\/p>\n","protected":false},"author":1,"featured_media":0,"parent":0,"menu_order":0,"comment_status":"closed","ping_status":"closed","template":"","meta":{"site-sidebar-layout":"no-sidebar","site-content-layout":"","ast-site-content-layout":"full-width-container","site-content-style":"default","site-sidebar-style":"default","ast-global-header-display":"","ast-banner-title-visibility":"","ast-main-header-display":"","ast-hfb-above-header-display":"","ast-hfb-below-header-display":"","ast-hfb-mobile-header-display":"","site-post-title":"disabled","ast-breadcrumbs-content":"","ast-featured-img":"disabled","footer-sml-layout":"","theme-transparent-header-meta":"","adv-header-id-meta":"","stick-header-meta":"","header-above-stick-meta":"","header-main-stick-meta":"","header-below-stick-meta":"","astra-migrate-meta-layouts":"","footnotes":"","_joinchat":[]},"_links":{"self":[{"href":"https:\/\/jtobarfbienesraices.com\/index.php\/wp-json\/wp\/v2\/pages\/321"}],"collection":[{"href":"https:\/\/jtobarfbienesraices.com\/index.php\/wp-json\/wp\/v2\/pages"}],"about":[{"href":"https:\/\/jtobarfbienesraices.com\/index.php\/wp-json\/wp\/v2\/types\/page"}],"author":[{"embeddable":true,"href":"https:\/\/jtobarfbienesraices.com\/index.php\/wp-json\/wp\/v2\/users\/1"}],"replies":[{"embeddable":true,"href":"https:\/\/jtobarfbienesraices.com\/index.php\/wp-json\/wp\/v2\/comments?post=321"}],"version-history":[{"count":14,"href":"https:\/\/jtobarfbienesraices.com\/index.php\/wp-json\/wp\/v2\/pages\/321\/revisions"}],"predecessor-version":[{"id":378,"href":"https:\/\/jtobarfbienesraices.com\/index.php\/wp-json\/wp\/v2\/pages\/321\/revisions\/378"}],"wp:attachment":[{"href":"https:\/\/jtobarfbienesraices.com\/index.php\/wp-json\/wp\/v2\/media?parent=321"}],"curies":[{"name":"wp","href":"https:\/\/api.w.org\/{rel}","templated":true}]}}